{"id":543,"date":"2024-06-04T19:09:03","date_gmt":"2024-06-04T19:09:03","guid":{"rendered":"https:\/\/mmaconciergerie.live-website.com\/?page_id=543"},"modified":"2024-10-27T15:14:49","modified_gmt":"2024-10-27T14:14:49","slug":"nous-contacter","status":"publish","type":"page","link":"https:\/\/mmaconciergerie.fr\/?page_id=543","title":{"rendered":"Nous contacter"},"content":{"rendered":"\n<p class=\"has-text-align-center\">Si vous avez la moindre question ou la moindre demande, vous pouvez nous envoyer un mail en cliquant sur le bouton ci dessous \u2b07\ufe0f et nous vous r\u00e9pondrons dans les plus brefs d\u00e9lais\ud83d\udc4c<\/p>\n\n\n<div class=\"wpforms-container wpforms-container-full wpforms-block wpforms-block-9ad26dbf-cebb-474b-aead-3f6c69391340 wpforms-render-modern\" id=\"wpforms-2037\"><form id=\"wpforms-form-2037\" class=\"wpforms-validate wpforms-form wpforms-ajax-form\" data-formid=\"2037\" method=\"post\" enctype=\"multipart\/form-data\" action=\"\/index.php?rest_route=%2Fwp%2Fv2%2Fpages%2F543\" data-token=\"a6d7bf57b66f925c023d0020827f11ab\" data-token-time=\"1776364709\"><noscript class=\"wpforms-error-noscript\">Veuillez activer JavaScript dans votre navigateur pour remplir ce formulaire.<\/noscript><div id=\"wpforms-error-noscript\" style=\"display: none;\">Veuillez activer JavaScript dans votre navigateur pour remplir ce formulaire.<\/div><div class=\"wpforms-field-container\"><div id=\"wpforms-2037-field_1-container\" class=\"wpforms-field wpforms-field-name\" data-field-id=\"1\"><label class=\"wpforms-field-label\" for=\"wpforms-2037-field_1\">Nom et Pr\u00e9nom\ud83d\udc68\ud83d\udc69\ud83c\udffe <span class=\"wpforms-required-label\" aria-hidden=\"true\">*<\/span><\/label><input type=\"text\" id=\"wpforms-2037-field_1\" class=\"wpforms-field-medium wpforms-field-required\" name=\"wpforms[fields][1]\" aria-errormessage=\"wpforms-2037-field_1-error\" required><\/div>\t\t<div id=\"wpforms-2037-field_2-container\"\n\t\t\tclass=\"wpforms-field wpforms-field-text\"\n\t\t\tdata-field-type=\"text\"\n\t\t\tdata-field-id=\"2\"\n\t\t\t>\n\t\t\t<label class=\"wpforms-field-label\" for=\"wpforms-2037-field_2\" >Adresse Vous :\ud83d\udc4b<\/label>\n\t\t\t<input type=\"text\" id=\"wpforms-2037-field_2\" class=\"wpforms-field-medium\" name=\"wpforms[fields][2]\" >\n\t\t<\/div>\n\t\t<div id=\"wpforms-2037-field_7-container\" class=\"wpforms-field wpforms-field-text\" data-field-id=\"7\"><label class=\"wpforms-field-label\" for=\"wpforms-2037-field_7\">Num\u00e9ro de t\u00e9l\u00e9phone\ud83d\udcde<\/label><input type=\"text\" id=\"wpforms-2037-field_7\" class=\"wpforms-field-medium\" name=\"wpforms[fields][7]\" aria-errormessage=\"wpforms-2037-field_7-error\" ><\/div><div id=\"wpforms-2037-field_4-container\" class=\"wpforms-field wpforms-field-text\" data-field-id=\"4\"><label class=\"wpforms-field-label\" for=\"wpforms-2037-field_4\">Adresse mail\ud83d\udce7<\/label><input type=\"text\" id=\"wpforms-2037-field_4\" class=\"wpforms-field-medium\" name=\"wpforms[fields][4]\" aria-errormessage=\"wpforms-2037-field_4-error\" ><\/div><div id=\"wpforms-2037-field_5-container\" class=\"wpforms-field wpforms-field-checkbox\" data-field-id=\"5\"><fieldset><legend class=\"wpforms-field-label\">Vous \u00eates :\ud83d\udc4b<\/legend><ul id=\"wpforms-2037-field_5\"><li class=\"choice-1 depth-1\"><input type=\"checkbox\" id=\"wpforms-2037-field_5_1\" name=\"wpforms[fields][5][]\" value=\"Voyageur(se) :\" aria-errormessage=\"wpforms-2037-field_5_1-error\"  ><label class=\"wpforms-field-label-inline\" for=\"wpforms-2037-field_5_1\">Voyageur(se) :<\/label><\/li><li class=\"choice-2 depth-1\"><input type=\"checkbox\" id=\"wpforms-2037-field_5_2\" name=\"wpforms[fields][5][]\" value=\"Prestataire\" aria-errormessage=\"wpforms-2037-field_5_2-error\"  ><label class=\"wpforms-field-label-inline\" for=\"wpforms-2037-field_5_2\">Prestataire<\/label><\/li><li class=\"choice-3 depth-1\"><input type=\"checkbox\" id=\"wpforms-2037-field_5_3\" name=\"wpforms[fields][5][]\" value=\"Propri\u00e9taire (pr\u00e9cisez le type de gestion souhait\u00e9e) :\" aria-errormessage=\"wpforms-2037-field_5_3-error\"  ><label class=\"wpforms-field-label-inline\" for=\"wpforms-2037-field_5_3\">Propri\u00e9taire (pr\u00e9cisez le type de gestion souhait\u00e9e) :<\/label><\/li><li class=\"choice-4 depth-1\"><input type=\"checkbox\" id=\"wpforms-2037-field_5_4\" name=\"wpforms[fields][5][]\" value=\"1. Gestion Classique\" aria-errormessage=\"wpforms-2037-field_5_4-error\"  ><label class=\"wpforms-field-label-inline\" for=\"wpforms-2037-field_5_4\">1. Gestion Classique<\/label><\/li><li class=\"choice-5 depth-1\"><input type=\"checkbox\" id=\"wpforms-2037-field_5_5\" name=\"wpforms[fields][5][]\" value=\"2. Gestion Premium\" aria-errormessage=\"wpforms-2037-field_5_5-error\"  ><label class=\"wpforms-field-label-inline\" for=\"wpforms-2037-field_5_5\">2. Gestion Premium<\/label><\/li><li class=\"choice-6 depth-1\"><input type=\"checkbox\" id=\"wpforms-2037-field_5_6\" name=\"wpforms[fields][5][]\" value=\"3. Gain de visibilit\u00e9\" aria-errormessage=\"wpforms-2037-field_5_6-error\"  ><label class=\"wpforms-field-label-inline\" for=\"wpforms-2037-field_5_6\">3. Gain de visibilit\u00e9<\/label><\/li><li class=\"choice-7 depth-1\"><input type=\"checkbox\" id=\"wpforms-2037-field_5_7\" name=\"wpforms[fields][5][]\" value=\"4. Nettoyage textile\" aria-errormessage=\"wpforms-2037-field_5_7-error\"  ><label class=\"wpforms-field-label-inline\" for=\"wpforms-2037-field_5_7\">4. Nettoyage textile<\/label><\/li><\/ul><\/fieldset><\/div><div id=\"wpforms-2037-field_6-container\" class=\"wpforms-field wpforms-field-textarea\" data-field-id=\"6\"><label class=\"wpforms-field-label\" for=\"wpforms-2037-field_6\">Message :\u2712\ufe0f<\/label><textarea id=\"wpforms-2037-field_6\" class=\"wpforms-field-medium\" name=\"wpforms[fields][6]\" aria-errormessage=\"wpforms-2037-field_6-error\" aria-describedby=\"wpforms-2037-field_6-description\" ><\/textarea><div id=\"wpforms-2037-field_6-description\" class=\"wpforms-field-description\">Info(s) sur un logement, devis pour gestion de bien&#8230;<\/div><\/div><script>\n\t\t\t\t( function() {\n\t\t\t\t\tconst style = document.createElement( 'style' );\n\t\t\t\t\tstyle.appendChild( document.createTextNode( '#wpforms-2037-field_2-container { position: absolute !important; overflow: hidden !important; display: inline !important; height: 1px !important; width: 1px !important; z-index: -1000 !important; padding: 0 !important; } #wpforms-2037-field_2-container input { visibility: hidden; } #wpforms-conversational-form-page #wpforms-2037-field_2-container label { counter-increment: none; }' ) );\n\t\t\t\t\tdocument.head.appendChild( style );\n\t\t\t\t\tdocument.currentScript?.remove();\n\t\t\t\t} )();\n\t\t\t<\/script><\/div><!-- .wpforms-field-container --><div class=\"wpforms-submit-container\" ><input type=\"hidden\" name=\"wpforms[id]\" value=\"2037\"><input type=\"hidden\" name=\"page_title\" value=\"\"><input type=\"hidden\" name=\"page_url\" value=\"https:\/\/mmaconciergerie.fr\/index.php?rest_route=\/wp\/v2\/pages\/543\"><input type=\"hidden\" name=\"url_referer\" value=\"\"><button type=\"submit\" name=\"wpforms[submit]\" id=\"wpforms-submit-2037\" class=\"wpforms-submit\" data-alt-text=\"Envoi...\" data-submit-text=\"Envoyer\" aria-live=\"assertive\" value=\"wpforms-submit\">Envoyer<\/button><img loading=\"lazy\" decoding=\"async\" src=\"https:\/\/mmaconciergerie.fr\/wp-content\/plugins\/wpforms-lite\/assets\/images\/submit-spin.svg\" class=\"wpforms-submit-spinner\" style=\"display: none;\" width=\"26\" height=\"26\" alt=\"Chargement en cours\"><\/div><\/form><\/div>  <!-- .wpforms-container -->","protected":false},"excerpt":{"rendered":"<p>Si vous avez la moindre question ou la moindre demande, vous pouvez nous envoyer un mail en cliquant sur le bouton ci dessous \u2b07\ufe0f et nous vous r\u00e9pondrons dans les &hellip; <\/p>\n","protected":false},"author":1,"featured_media":821,"parent":0,"menu_order":0,"comment_status":"closed","ping_status":"closed","template":"","meta":{"_regular_price":[],"currency_symbol":[],"footnotes":""},"class_list":["post-543","page","type-page","status-publish","has-post-thumbnail","hentry"],"post_slider_layout_featured_media_urls":{"thumbnail":["https:\/\/mmaconciergerie.fr\/wp-content\/uploads\/2024\/06\/photo-nos-locations-150x150.jpg",150,150,true],"post_slider_layout_landscape_large":["https:\/\/mmaconciergerie.fr\/wp-content\/uploads\/2024\/06\/photo-nos-locations.jpg",1200,675,false],"post_slider_layout_portrait_large":["https:\/\/mmaconciergerie.fr\/wp-content\/uploads\/2024\/06\/photo-nos-locations.jpg",1200,675,false],"post_slider_layout_square_large":["https:\/\/mmaconciergerie.fr\/wp-content\/uploads\/2024\/06\/photo-nos-locations.jpg",1200,675,false],"post_slider_layout_landscape":["https:\/\/mmaconciergerie.fr\/wp-content\/uploads\/2024\/06\/photo-nos-locations.jpg",600,338,false],"post_slider_layout_portrait":["https:\/\/mmaconciergerie.fr\/wp-content\/uploads\/2024\/06\/photo-nos-locations.jpg",600,338,false],"post_slider_layout_square":["https:\/\/mmaconciergerie.fr\/wp-content\/uploads\/2024\/06\/photo-nos-locations.jpg",600,338,false],"full":["https:\/\/mmaconciergerie.fr\/wp-content\/uploads\/2024\/06\/photo-nos-locations.jpg",1920,1080,false]},"yoast_head":"<!-- This site is optimized with the Yoast SEO plugin v27.2 - https:\/\/yoast.com\/product\/yoast-seo-wordpress\/ -->\n<title>Nous contacter - M&#039;ma Conciergerie<\/title>\n<meta name=\"robots\" content=\"index, follow, max-snippet:-1, max-image-preview:large, max-video-preview:-1\" \/>\n<link rel=\"canonical\" href=\"https:\/\/mmaconciergerie.fr\/?page_id=543\" \/>\n<meta property=\"og:locale\" content=\"fr_FR\" \/>\n<meta property=\"og:type\" content=\"article\" \/>\n<meta property=\"og:title\" content=\"Nous contacter - M&#039;ma Conciergerie\" \/>\n<meta property=\"og:description\" content=\"Si vous avez la moindre question ou la moindre demande, vous pouvez nous envoyer un mail en cliquant sur le bouton ci dessous \u2b07\ufe0f et nous vous r\u00e9pondrons dans les &hellip;\" \/>\n<meta property=\"og:url\" content=\"https:\/\/mmaconciergerie.fr\/?page_id=543\" \/>\n<meta property=\"og:site_name\" content=\"M&#039;ma Conciergerie\" \/>\n<meta property=\"article:publisher\" content=\"https:\/\/www.facebook.com\/people\/Mma-Conciergerie\/61561257113603\/\" \/>\n<meta property=\"article:modified_time\" content=\"2024-10-27T14:14:49+00:00\" \/>\n<meta property=\"og:image\" content=\"https:\/\/mmaconciergerie.fr\/wp-content\/uploads\/2024\/06\/photo-nos-locations-1024x576.jpg\" \/>\n\t<meta property=\"og:image:width\" content=\"1024\" \/>\n\t<meta property=\"og:image:height\" content=\"576\" \/>\n\t<meta property=\"og:image:type\" content=\"image\/jpeg\" \/>\n<meta name=\"twitter:card\" content=\"summary_large_image\" \/>\n<script type=\"application\/ld+json\" class=\"yoast-schema-graph\">{\"@context\":\"https:\/\/schema.org\",\"@graph\":[{\"@type\":\"WebPage\",\"@id\":\"https:\/\/mmaconciergerie.fr\/?page_id=543\",\"url\":\"https:\/\/mmaconciergerie.fr\/?page_id=543\",\"name\":\"Nous contacter - M&#039;ma Conciergerie\",\"isPartOf\":{\"@id\":\"https:\/\/mmaconciergerie.fr\/#website\"},\"primaryImageOfPage\":{\"@id\":\"https:\/\/mmaconciergerie.fr\/?page_id=543#primaryimage\"},\"image\":{\"@id\":\"https:\/\/mmaconciergerie.fr\/?page_id=543#primaryimage\"},\"thumbnailUrl\":\"https:\/\/mmaconciergerie.fr\/wp-content\/uploads\/2024\/06\/photo-nos-locations.jpg\",\"datePublished\":\"2024-06-04T19:09:03+00:00\",\"dateModified\":\"2024-10-27T14:14:49+00:00\",\"breadcrumb\":{\"@id\":\"https:\/\/mmaconciergerie.fr\/?page_id=543#breadcrumb\"},\"inLanguage\":\"fr-FR\",\"potentialAction\":[{\"@type\":\"ReadAction\",\"target\":[\"https:\/\/mmaconciergerie.fr\/?page_id=543\"]}]},{\"@type\":\"ImageObject\",\"inLanguage\":\"fr-FR\",\"@id\":\"https:\/\/mmaconciergerie.fr\/?page_id=543#primaryimage\",\"url\":\"https:\/\/mmaconciergerie.fr\/wp-content\/uploads\/2024\/06\/photo-nos-locations.jpg\",\"contentUrl\":\"https:\/\/mmaconciergerie.fr\/wp-content\/uploads\/2024\/06\/photo-nos-locations.jpg\",\"width\":1920,\"height\":1080},{\"@type\":\"BreadcrumbList\",\"@id\":\"https:\/\/mmaconciergerie.fr\/?page_id=543#breadcrumb\",\"itemListElement\":[{\"@type\":\"ListItem\",\"position\":1,\"name\":\"Accueil\",\"item\":\"https:\/\/mmaconciergerie.fr\/\"},{\"@type\":\"ListItem\",\"position\":2,\"name\":\"Nous contacter\"}]},{\"@type\":\"WebSite\",\"@id\":\"https:\/\/mmaconciergerie.fr\/#website\",\"url\":\"https:\/\/mmaconciergerie.fr\/\",\"name\":\"M'ma Conciergerie\",\"description\":\"Gestionnaire de locations saisonni\u00e8res en Guadeloupe\",\"publisher\":{\"@id\":\"https:\/\/mmaconciergerie.fr\/#organization\"},\"potentialAction\":[{\"@type\":\"SearchAction\",\"target\":{\"@type\":\"EntryPoint\",\"urlTemplate\":\"https:\/\/mmaconciergerie.fr\/?s={search_term_string}\"},\"query-input\":{\"@type\":\"PropertyValueSpecification\",\"valueRequired\":true,\"valueName\":\"search_term_string\"}}],\"inLanguage\":\"fr-FR\"},{\"@type\":\"Organization\",\"@id\":\"https:\/\/mmaconciergerie.fr\/#organization\",\"name\":\"M'ma Conciergerie\",\"url\":\"https:\/\/mmaconciergerie.fr\/\",\"logo\":{\"@type\":\"ImageObject\",\"inLanguage\":\"fr-FR\",\"@id\":\"https:\/\/mmaconciergerie.fr\/#\/schema\/logo\/image\/\",\"url\":\"https:\/\/mmaconciergerie.fr\/wp-content\/uploads\/2024\/05\/cropped-cropped-Logo-rond-250X250-1.png\",\"contentUrl\":\"https:\/\/mmaconciergerie.fr\/wp-content\/uploads\/2024\/05\/cropped-cropped-Logo-rond-250X250-1.png\",\"width\":206,\"height\":206,\"caption\":\"M'ma Conciergerie\"},\"image\":{\"@id\":\"https:\/\/mmaconciergerie.fr\/#\/schema\/logo\/image\/\"},\"sameAs\":[\"https:\/\/www.facebook.com\/people\/Mma-Conciergerie\/61561257113603\/\",\"https:\/\/www.instagram.com\/emma.conciergerie\/#\"]}]}<\/script>\n<!-- \/ Yoast SEO plugin. -->","yoast_head_json":{"title":"Nous contacter - M&#039;ma Conciergerie","robots":{"index":"index","follow":"follow","max-snippet":"max-snippet:-1","max-image-preview":"max-image-preview:large","max-video-preview":"max-video-preview:-1"},"canonical":"https:\/\/mmaconciergerie.fr\/?page_id=543","og_locale":"fr_FR","og_type":"article","og_title":"Nous contacter - M&#039;ma Conciergerie","og_description":"Si vous avez la moindre question ou la moindre demande, vous pouvez nous envoyer un mail en cliquant sur le bouton ci dessous \u2b07\ufe0f et nous vous r\u00e9pondrons dans les &hellip;","og_url":"https:\/\/mmaconciergerie.fr\/?page_id=543","og_site_name":"M&#039;ma Conciergerie","article_publisher":"https:\/\/www.facebook.com\/people\/Mma-Conciergerie\/61561257113603\/","article_modified_time":"2024-10-27T14:14:49+00:00","og_image":[{"width":1024,"height":576,"url":"https:\/\/mmaconciergerie.fr\/wp-content\/uploads\/2024\/06\/photo-nos-locations-1024x576.jpg","type":"image\/jpeg"}],"twitter_card":"summary_large_image","schema":{"@context":"https:\/\/schema.org","@graph":[{"@type":"WebPage","@id":"https:\/\/mmaconciergerie.fr\/?page_id=543","url":"https:\/\/mmaconciergerie.fr\/?page_id=543","name":"Nous contacter - M&#039;ma Conciergerie","isPartOf":{"@id":"https:\/\/mmaconciergerie.fr\/#website"},"primaryImageOfPage":{"@id":"https:\/\/mmaconciergerie.fr\/?page_id=543#primaryimage"},"image":{"@id":"https:\/\/mmaconciergerie.fr\/?page_id=543#primaryimage"},"thumbnailUrl":"https:\/\/mmaconciergerie.fr\/wp-content\/uploads\/2024\/06\/photo-nos-locations.jpg","datePublished":"2024-06-04T19:09:03+00:00","dateModified":"2024-10-27T14:14:49+00:00","breadcrumb":{"@id":"https:\/\/mmaconciergerie.fr\/?page_id=543#breadcrumb"},"inLanguage":"fr-FR","potentialAction":[{"@type":"ReadAction","target":["https:\/\/mmaconciergerie.fr\/?page_id=543"]}]},{"@type":"ImageObject","inLanguage":"fr-FR","@id":"https:\/\/mmaconciergerie.fr\/?page_id=543#primaryimage","url":"https:\/\/mmaconciergerie.fr\/wp-content\/uploads\/2024\/06\/photo-nos-locations.jpg","contentUrl":"https:\/\/mmaconciergerie.fr\/wp-content\/uploads\/2024\/06\/photo-nos-locations.jpg","width":1920,"height":1080},{"@type":"BreadcrumbList","@id":"https:\/\/mmaconciergerie.fr\/?page_id=543#breadcrumb","itemListElement":[{"@type":"ListItem","position":1,"name":"Accueil","item":"https:\/\/mmaconciergerie.fr\/"},{"@type":"ListItem","position":2,"name":"Nous contacter"}]},{"@type":"WebSite","@id":"https:\/\/mmaconciergerie.fr\/#website","url":"https:\/\/mmaconciergerie.fr\/","name":"M'ma Conciergerie","description":"Gestionnaire de locations saisonni\u00e8res en Guadeloupe","publisher":{"@id":"https:\/\/mmaconciergerie.fr\/#organization"},"potentialAction":[{"@type":"SearchAction","target":{"@type":"EntryPoint","urlTemplate":"https:\/\/mmaconciergerie.fr\/?s={search_term_string}"},"query-input":{"@type":"PropertyValueSpecification","valueRequired":true,"valueName":"search_term_string"}}],"inLanguage":"fr-FR"},{"@type":"Organization","@id":"https:\/\/mmaconciergerie.fr\/#organization","name":"M'ma Conciergerie","url":"https:\/\/mmaconciergerie.fr\/","logo":{"@type":"ImageObject","inLanguage":"fr-FR","@id":"https:\/\/mmaconciergerie.fr\/#\/schema\/logo\/image\/","url":"https:\/\/mmaconciergerie.fr\/wp-content\/uploads\/2024\/05\/cropped-cropped-Logo-rond-250X250-1.png","contentUrl":"https:\/\/mmaconciergerie.fr\/wp-content\/uploads\/2024\/05\/cropped-cropped-Logo-rond-250X250-1.png","width":206,"height":206,"caption":"M'ma Conciergerie"},"image":{"@id":"https:\/\/mmaconciergerie.fr\/#\/schema\/logo\/image\/"},"sameAs":["https:\/\/www.facebook.com\/people\/Mma-Conciergerie\/61561257113603\/","https:\/\/www.instagram.com\/emma.conciergerie\/#"]}]}},"_links":{"self":[{"href":"https:\/\/mmaconciergerie.fr\/index.php?rest_route=\/wp\/v2\/pages\/543","targetHints":{"allow":["GET"]}}],"collection":[{"href":"https:\/\/mmaconciergerie.fr\/index.php?rest_route=\/wp\/v2\/pages"}],"about":[{"href":"https:\/\/mmaconciergerie.fr\/index.php?rest_route=\/wp\/v2\/types\/page"}],"author":[{"embeddable":true,"href":"https:\/\/mmaconciergerie.fr\/index.php?rest_route=\/wp\/v2\/users\/1"}],"replies":[{"embeddable":true,"href":"https:\/\/mmaconciergerie.fr\/index.php?rest_route=%2Fwp%2Fv2%2Fcomments&post=543"}],"version-history":[{"count":2,"href":"https:\/\/mmaconciergerie.fr\/index.php?rest_route=\/wp\/v2\/pages\/543\/revisions"}],"predecessor-version":[{"id":2236,"href":"https:\/\/mmaconciergerie.fr\/index.php?rest_route=\/wp\/v2\/pages\/543\/revisions\/2236"}],"wp:featuredmedia":[{"embeddable":true,"href":"https:\/\/mmaconciergerie.fr\/index.php?rest_route=\/wp\/v2\/media\/821"}],"wp:attachment":[{"href":"https:\/\/mmaconciergerie.fr\/index.php?rest_route=%2Fwp%2Fv2%2Fmedia&parent=543"}],"curies":[{"name":"wp","href":"https:\/\/api.w.org\/{rel}","templated":true}]}}